{"id":3031,"date":"2020-06-28T16:07:40","date_gmt":"2020-06-28T14:07:40","guid":{"rendered":"https:\/\/pvspezzolano.com\/services\/"},"modified":"2024-05-13T16:09:59","modified_gmt":"2024-05-13T14:09:59","slug":"services","status":"publish","type":"page","link":"https:\/\/pvspezzolano.com\/en\/services\/","title":{"rendered":"Services"},"content":{"rendered":"\t\t<div data-elementor-type=\"wp-page\" data-elementor-id=\"3031\" class=\"elementor elementor-3031 elementor-237\">\n\t\t\t\t\t\t<section class=\"elementor-section elementor-top-section elementor-element elementor-element-2ecc3b9 elementor-section-bootstrap elementor-section-height-default elementor-section-height-default\" data-id=\"2ecc3b9\" data-element_type=\"section\">\n\t\t\t\t\t\t<div class=\"elementor-container elementor-column-gap-default\">\n\t\t\t\t\t<div class=\"elementor-column elementor-col-100 elementor-top-column elementor-element elementor-element-c9ed19b\" data-id=\"c9ed19b\" data-element_type=\"column\">\n\t\t\t<div class=\"elementor-widget-wrap elementor-element-populated\">\n\t\t\t\t\t\t<div class=\"elementor-element elementor-element-aae4a69 elementor-widget elementor-widget-hb-service-grid\" data-id=\"aae4a69\" data-element_type=\"widget\" data-widget_type=\"hb-service-grid.default\">\n\t\t\t\t<div class=\"elementor-widget-container\">\n\t\t\t\n        <div class=\"hb-service-grid hb-service-grid-s2\" data-hb-anime=\"false\">\n\n            <div class=\"hb-grid hb-row-gap-xl-40 hb-row-gap-lg-40 hb-col-xl-3 hb-col-gap-xl-30 hb-col-lg-3 hb-col-gap-lg-30 hb-col-md-2 hb-col-gap-md-30 hb-row-gap-md-30 hb-col-sm-2 hb-col-gap-sm-30 hb-row-gap-sm-30 hb-col-xs-1 hb-col-gap-xs-30 hb-row-gap-xs-30\">\n\n                                    <div class=\"hb-col\">\n                        <div class=\"hb-service hb-service--s2 rounded-5 b-grey-500 position-relative z-index-0 overflow-hidden\">\n\n                    <div class=\"hb-service__thumbnail position-absolute z-index-0 top-0 right-0 bottom-0 left-0\">\n            <a href=\"https:\/\/pvspezzolano.com\/en\/service\/conditions-monitoring-for-working-areas\/\" class=\"hb-service__img bg-scroll d-block w-100 h-100 lazyload\" data-src=\"https:\/\/pvspezzolano.com\/wp-content\/uploads\/2020\/06\/servicio-monitorizacion-clima.jpg\"><\/a>\n        <\/div>\n    \n    <div class=\"hb-service__entry position-absolute z-index-2 right-0 left-0 overflow-hidden -pt-30 -pb-0 -px-25 -pt-sm-40 -px-sm-30\">\n\n        <h2 class=\"hb-service__title c-white size-22 -mb-10 -mt-0\"><a href=\"https:\/\/pvspezzolano.com\/en\/service\/conditions-monitoring-for-working-areas\/\">Conditions monitoring for working areas<\/a><\/h2>\n\n        <div class=\"hb-service__excerpt text-ellipsis c-white\"><p>Remote control for humidity, temperature and toxicity in working areas. Quality standards.<\/p>\n<\/div>\n\n        <div class=\"hb-service__button\">\n            <a href=\"https:\/\/pvspezzolano.com\/en\/service\/conditions-monitoring-for-working-areas\/\" class=\"d-inline-flex align-items-center justify-content-center font-heading weight-600 size-14 text-uppercase c-white rounded-5 b-primary c-hover-white -h-40 -pl-25 -pr-20\">Learn More <i class=\"arrow_right -ml-8 size-18\"><\/i><\/a>\n        <\/div>\n\n    <\/div>\n\n    <div class=\"hb-service__overlay position-absolute z-index-1 w-100 bottom-0 left-0 translateZ-0\"><\/div>\n<\/div>                    <\/div>\n                                    <div class=\"hb-col\">\n                        <div class=\"hb-service hb-service--s2 rounded-5 b-grey-500 position-relative z-index-0 overflow-hidden\">\n\n                    <div class=\"hb-service__thumbnail position-absolute z-index-0 top-0 right-0 bottom-0 left-0\">\n            <a href=\"https:\/\/pvspezzolano.com\/en\/service\/filtration-systems-for-painting-works\/\" class=\"hb-service__img bg-scroll d-block w-100 h-100 lazyload\" data-src=\"https:\/\/pvspezzolano.com\/wp-content\/uploads\/2020\/06\/servicio-ventilacion-pintura-2.jpg\"><\/a>\n        <\/div>\n    \n    <div class=\"hb-service__entry position-absolute z-index-2 right-0 left-0 overflow-hidden -pt-30 -pb-0 -px-25 -pt-sm-40 -px-sm-30\">\n\n        <h2 class=\"hb-service__title c-white size-22 -mb-10 -mt-0\"><a href=\"https:\/\/pvspezzolano.com\/en\/service\/filtration-systems-for-painting-works\/\">Filtration systems for painting works<\/a><\/h2>\n\n        <div class=\"hb-service__excerpt text-ellipsis c-white\"><p>Filtration and conditioning in yacht painting, maintenance and refit tents.<\/p>\n<\/div>\n\n        <div class=\"hb-service__button\">\n            <a href=\"https:\/\/pvspezzolano.com\/en\/service\/filtration-systems-for-painting-works\/\" class=\"d-inline-flex align-items-center justify-content-center font-heading weight-600 size-14 text-uppercase c-white rounded-5 b-primary c-hover-white -h-40 -pl-25 -pr-20\">Learn More <i class=\"arrow_right -ml-8 size-18\"><\/i><\/a>\n        <\/div>\n\n    <\/div>\n\n    <div class=\"hb-service__overlay position-absolute z-index-1 w-100 bottom-0 left-0 translateZ-0\"><\/div>\n<\/div>                    <\/div>\n                                    <div class=\"hb-col\">\n                        <div class=\"hb-service hb-service--s2 rounded-5 b-grey-500 position-relative z-index-0 overflow-hidden\">\n\n                    <div class=\"hb-service__thumbnail position-absolute z-index-0 top-0 right-0 bottom-0 left-0\">\n            <a href=\"https:\/\/pvspezzolano.com\/en\/service\/coverings-design-and-installation\/\" class=\"hb-service__img bg-scroll d-block w-100 h-100 lazyload\" data-src=\"https:\/\/pvspezzolano.com\/wp-content\/uploads\/2020\/06\/servicio-encapsulado-2.jpg\"><\/a>\n        <\/div>\n    \n    <div class=\"hb-service__entry position-absolute z-index-2 right-0 left-0 overflow-hidden -pt-30 -pb-0 -px-25 -pt-sm-40 -px-sm-30\">\n\n        <h2 class=\"hb-service__title c-white size-22 -mb-10 -mt-0\"><a href=\"https:\/\/pvspezzolano.com\/en\/service\/coverings-design-and-installation\/\">Coverings, design and installation<\/a><\/h2>\n\n        <div class=\"hb-service__excerpt text-ellipsis c-white\"><p>Coverings for works on dry dock and afloat with rigid panels. They provide better resistance.<\/p>\n<\/div>\n\n        <div class=\"hb-service__button\">\n            <a href=\"https:\/\/pvspezzolano.com\/en\/service\/coverings-design-and-installation\/\" class=\"d-inline-flex align-items-center justify-content-center font-heading weight-600 size-14 text-uppercase c-white rounded-5 b-primary c-hover-white -h-40 -pl-25 -pr-20\">Learn More <i class=\"arrow_right -ml-8 size-18\"><\/i><\/a>\n        <\/div>\n\n    <\/div>\n\n    <div class=\"hb-service__overlay position-absolute z-index-1 w-100 bottom-0 left-0 translateZ-0\"><\/div>\n<\/div>                    <\/div>\n                \n                \n            <\/div>\n\n            \n        <\/div>\n\n        \t\t<\/div>\n\t\t\t\t<\/div>\n\t\t\t\t\t<\/div>\n\t\t<\/div>\n\t\t\t\t\t<\/div>\n\t\t<\/section>\n\t\t\t\t<section class=\"elementor-section elementor-top-section elementor-element elementor-element-a42d746 elementor-section-bootstrap elementor-section-height-default elementor-section-height-default\" data-id=\"a42d746\" data-element_type=\"section\">\n\t\t\t\t\t\t<div class=\"elementor-container elementor-column-gap-default\">\n\t\t\t\t\t<div class=\"elementor-column elementor-col-100 elementor-top-column elementor-element elementor-element-94bfa4e\" data-id=\"94bfa4e\" data-element_type=\"column\">\n\t\t\t<div class=\"elementor-widget-wrap elementor-element-populated\">\n\t\t\t\t\t\t<div class=\"elementor-element elementor-element-24bbf22 elementor-widget-divider--view-line elementor-widget elementor-widget-divider\" data-id=\"24bbf22\" data-element_type=\"widget\" data-widget_type=\"divider.default\">\n\t\t\t\t<div class=\"elementor-widget-container\">\n\t\t\t<style>\/*! elementor - v3.21.0 - 22-05-2024 *\/\n.elementor-widget-divider{--divider-border-style:none;--divider-border-width:1px;--divider-color:#0c0d0e;--divider-icon-size:20px;--divider-element-spacing:10px;--divider-pattern-height:24px;--divider-pattern-size:20px;--divider-pattern-url:none;--divider-pattern-repeat:repeat-x}.elementor-widget-divider .elementor-divider{display:flex}.elementor-widget-divider .elementor-divider__text{font-size:15px;line-height:1;max-width:95%}.elementor-widget-divider .elementor-divider__element{margin:0 var(--divider-element-spacing);flex-shrink:0}.elementor-widget-divider .elementor-icon{font-size:var(--divider-icon-size)}.elementor-widget-divider .elementor-divider-separator{display:flex;margin:0;direction:ltr}.elementor-widget-divider--view-line_icon .elementor-divider-separator,.elementor-widget-divider--view-line_text .elementor-divider-separator{align-items:center}.elementor-widget-divider--view-line_icon .elementor-divider-separator:after,.elementor-widget-divider--view-line_icon .elementor-divider-separator:before,.elementor-widget-divider--view-line_text .elementor-divider-separator:after,.elementor-widget-divider--view-line_text .elementor-divider-separator:before{display:block;content:\"\";border-block-end:0;flex-grow:1;border-block-start:var(--divider-border-width) var(--divider-border-style) var(--divider-color)}.elementor-widget-divider--element-align-left .elementor-divider .elementor-divider-separator>.elementor-divider__svg:first-of-type{flex-grow:0;flex-shrink:100}.elementor-widget-divider--element-align-left .elementor-divider-separator:before{content:none}.elementor-widget-divider--element-align-left .elementor-divider__element{margin-left:0}.elementor-widget-divider--element-align-right .elementor-divider .elementor-divider-separator>.elementor-divider__svg:last-of-type{flex-grow:0;flex-shrink:100}.elementor-widget-divider--element-align-right .elementor-divider-separator:after{content:none}.elementor-widget-divider--element-align-right .elementor-divider__element{margin-right:0}.elementor-widget-divider--element-align-start .elementor-divider .elementor-divider-separator>.elementor-divider__svg:first-of-type{flex-grow:0;flex-shrink:100}.elementor-widget-divider--element-align-start .elementor-divider-separator:before{content:none}.elementor-widget-divider--element-align-start .elementor-divider__element{margin-inline-start:0}.elementor-widget-divider--element-align-end .elementor-divider .elementor-divider-separator>.elementor-divider__svg:last-of-type{flex-grow:0;flex-shrink:100}.elementor-widget-divider--element-align-end .elementor-divider-separator:after{content:none}.elementor-widget-divider--element-align-end .elementor-divider__element{margin-inline-end:0}.elementor-widget-divider:not(.elementor-widget-divider--view-line_text):not(.elementor-widget-divider--view-line_icon) .elementor-divider-separator{border-block-start:var(--divider-border-width) var(--divider-border-style) var(--divider-color)}.elementor-widget-divider--separator-type-pattern{--divider-border-style:none}.elementor-widget-divider--separator-type-pattern.elementor-widget-divider--view-line .elementor-divider-separator,.elementor-widget-divider--separator-type-pattern:not(.elementor-widget-divider--view-line) .elementor-divider-separator:after,.elementor-widget-divider--separator-type-pattern:not(.elementor-widget-divider--view-line) .elementor-divider-separator:before,.elementor-widget-divider--separator-type-pattern:not([class*=elementor-widget-divider--view]) .elementor-divider-separator{width:100%;min-height:var(--divider-pattern-height);-webkit-mask-size:var(--divider-pattern-size) 100%;mask-size:var(--divider-pattern-size) 100%;-webkit-mask-repeat:var(--divider-pattern-repeat);mask-repeat:var(--divider-pattern-repeat);background-color:var(--divider-color);-webkit-mask-image:var(--divider-pattern-url);mask-image:var(--divider-pattern-url)}.elementor-widget-divider--no-spacing{--divider-pattern-size:auto}.elementor-widget-divider--bg-round{--divider-pattern-repeat:round}.rtl .elementor-widget-divider .elementor-divider__text{direction:rtl}.e-con-inner>.elementor-widget-divider,.e-con>.elementor-widget-divider{width:var(--container-widget-width,100%);--flex-grow:var(--container-widget-flex-grow)}<\/style>\t\t<div class=\"elementor-divider\">\n\t\t\t<span class=\"elementor-divider-separator\">\n\t\t\t\t\t\t<\/span>\n\t\t<\/div>\n\t\t\t\t<\/div>\n\t\t\t\t<\/div>\n\t\t\t\t\t<\/div>\n\t\t<\/div>\n\t\t\t\t\t<\/div>\n\t\t<\/section>\n\t\t\t\t<\/div>\n\t\t","protected":false},"excerpt":{"rendered":"<p>&nbsp; Monitorizaci\u00f3n del clima en \u00e1rea de trabajo Control remoto de humedad, temperatura y toxicidad en el \u00e1rea de trabajo. Standard de calidad. Ver m\u00e1s Sistemas de ventilaci\u00f3n en trabajos de pintura Ventilaci\u00f3n, filtraci\u00f3n y climatizaci\u00f3n en carpas de reparaci\u00f3n, restauraci\u00f3n y pintado de yates. Ver m\u00e1s Encapsulado, dise\u00f1o e instalaci\u00f3n Encapsulados en trabajos en [&hellip;]<\/p>\n","protected":false},"author":1,"featured_media":0,"parent":0,"menu_order":0,"comment_status":"closed","ping_status":"closed","template":"templates\/page-builder.php","meta":{"footnotes":""},"_links":{"self":[{"href":"https:\/\/pvspezzolano.com\/en\/wp-json\/wp\/v2\/pages\/3031"}],"collection":[{"href":"https:\/\/pvspezzolano.com\/en\/wp-json\/wp\/v2\/pages"}],"about":[{"href":"https:\/\/pvspezzolano.com\/en\/wp-json\/wp\/v2\/types\/page"}],"author":[{"embeddable":true,"href":"https:\/\/pvspezzolano.com\/en\/wp-json\/wp\/v2\/users\/1"}],"replies":[{"embeddable":true,"href":"https:\/\/pvspezzolano.com\/en\/wp-json\/wp\/v2\/comments?post=3031"}],"version-history":[{"count":7,"href":"https:\/\/pvspezzolano.com\/en\/wp-json\/wp\/v2\/pages\/3031\/revisions"}],"predecessor-version":[{"id":3195,"href":"https:\/\/pvspezzolano.com\/en\/wp-json\/wp\/v2\/pages\/3031\/revisions\/3195"}],"wp:attachment":[{"href":"https:\/\/pvspezzolano.com\/en\/wp-json\/wp\/v2\/media?parent=3031"}],"curies":[{"name":"wp","href":"https:\/\/api.w.org\/{rel}","templated":true}]}}